{"id":52,"date":"2015-07-20T10:48:26","date_gmt":"2015-07-20T10:48:26","guid":{"rendered":"http:\/\/demo.themegrill.com\/himalayas\/?page_id=52"},"modified":"2021-12-02T11:47:30","modified_gmt":"2021-12-02T11:47:30","slug":"parallax-effect","status":"publish","type":"page","link":"https:\/\/tempusenterprise.es\/?page_id=52","title":{"rendered":"Venta online de relojes econ\u00f3micos personalizados"},"content":{"rendered":"<p>Contacte con nosotros a info@tempusenterprise.es para recibir informaci\u00f3n sobre relojes personalizados<br>(La herramienta de creaci\u00f3n de relojes personalizados estar\u00e1 disponible pr\u00f3ximamente)<\/p>\n\n\n<p><\/p>\n","protected":false},"excerpt":{"rendered":"<p>\u00a1Utiliza nuestra herramienta web para crear tu propio reloj personalizado, y te lo enviamos a casa! <\/p>\n","protected":false},"author":1,"featured_media":392,"parent":0,"menu_order":2,"comment_status":"closed","ping_status":"open","template":"page-templates\/template-services.php","meta":{"footnotes":""},"class_list":["post-52","page","type-page","status-publish","has-post-thumbnail","hentry"],"_links":{"self":[{"href":"https:\/\/tempusenterprise.es\/index.php?rest_route=\/wp\/v2\/pages\/52","targetHints":{"allow":["GET"]}}],"collection":[{"href":"https:\/\/tempusenterprise.es\/index.php?rest_route=\/wp\/v2\/pages"}],"about":[{"href":"https:\/\/tempusenterprise.es\/index.php?rest_route=\/wp\/v2\/types\/page"}],"author":[{"embeddable":true,"href":"https:\/\/tempusenterprise.es\/index.php?rest_route=\/wp\/v2\/users\/1"}],"replies":[{"embeddable":true,"href":"https:\/\/tempusenterprise.es\/index.php?rest_route=%2Fwp%2Fv2%2Fcomments&post=52"}],"version-history":[{"count":6,"href":"https:\/\/tempusenterprise.es\/index.php?rest_route=\/wp\/v2\/pages\/52\/revisions"}],"predecessor-version":[{"id":547,"href":"https:\/\/tempusenterprise.es\/index.php?rest_route=\/wp\/v2\/pages\/52\/revisions\/547"}],"wp:featuredmedia":[{"embeddable":true,"href":"https:\/\/tempusenterprise.es\/index.php?rest_route=\/wp\/v2\/media\/392"}],"wp:attachment":[{"href":"https:\/\/tempusenterprise.es\/index.php?rest_route=%2Fwp%2Fv2%2Fmedia&parent=52"}],"curies":[{"name":"wp","href":"https:\/\/api.w.org\/{rel}","templated":true}]}}