{"id":445,"date":"2021-07-20T11:35:34","date_gmt":"2021-07-20T11:35:34","guid":{"rendered":"https:\/\/tempusenterprise.es\/?page_id=445"},"modified":"2021-07-21T13:21:50","modified_gmt":"2021-07-21T13:21:50","slug":"elementor-445","status":"publish","type":"page","link":"https:\/\/tempusenterprise.es\/?page_id=445","title":{"rendered":"\u00bfQui\u00e9nes somos?"},"content":{"rendered":"\t\t<div data-elementor-type=\"wp-post\" data-elementor-id=\"445\" class=\"elementor elementor-445\">\n\t\t\t\t\t\t\t\t\t<section class=\"elementor-section elementor-top-section elementor-element elementor-element-3fedfa3 elementor-section-stretched elementor-section-boxed elementor-section-height-default elementor-section-height-default\" data-id=\"3fedfa3\" data-element_type=\"section\" data-settings=\"{&quot;stretch_section&quot;:&quot;section-stretched&quot;}\">\n\t\t\t\t\t\t<div class=\"elementor-container elementor-column-gap-default\">\n\t\t\t\t\t<div class=\"elementor-column elementor-col-100 elementor-top-column elementor-element elementor-element-f7eae42\" data-id=\"f7eae42\" data-element_type=\"column\">\n\t\t\t<div class=\"elementor-widget-wrap elementor-element-populated\">\n\t\t\t\t\t\t\t\t<section class=\"elementor-section elementor-inner-section elementor-element elementor-element-0994b68 elementor-section-boxed elementor-section-height-default elementor-section-height-default\" data-id=\"0994b68\" data-element_type=\"section\">\n\t\t\t\t\t\t<div class=\"elementor-container elementor-column-gap-default\">\n\t\t\t\t\t<div class=\"elementor-column elementor-col-50 elementor-inner-column elementor-element elementor-element-b324311\" data-id=\"b324311\" data-element_type=\"column\">\n\t\t\t<div class=\"elementor-widget-wrap elementor-element-populated\">\n\t\t\t\t\t\t\t\t<div class=\"elementor-element elementor-element-72fdce4 elementor-arrows-position-inside elementor-pagination-position-outside elementor-widget elementor-widget-image-carousel\" data-id=\"72fdce4\" data-element_type=\"widget\" data-settings=\"{&quot;slides_to_show&quot;:&quot;1&quot;,&quot;navigation&quot;:&quot;both&quot;,&quot;autoplay&quot;:&quot;yes&quot;,&quot;pause_on_hover&quot;:&quot;yes&quot;,&quot;pause_on_interaction&quot;:&quot;yes&quot;,&quot;autoplay_speed&quot;:5000,&quot;infinite&quot;:&quot;yes&quot;,&quot;effect&quot;:&quot;slide&quot;,&quot;speed&quot;:500}\" data-widget_type=\"image-carousel.default\">\n\t\t\t\t<div class=\"elementor-widget-container\">\n\t\t\t<style>\/*! elementor - v3.13.3 - 28-05-2023 *\/\n.elementor-widget-image-carousel .swiper,.elementor-widget-image-carousel .swiper-container{position:static}.elementor-widget-image-carousel .swiper-container .swiper-slide figure,.elementor-widget-image-carousel .swiper .swiper-slide figure{line-height:inherit}.elementor-widget-image-carousel .swiper-slide{text-align:center}.elementor-image-carousel-wrapper:not(.swiper-container-initialized):not(.swiper-initialized) .swiper-slide{max-width:calc(100% \/ var(--e-image-carousel-slides-to-show, 3))}<\/style>\t\t<div class=\"elementor-image-carousel-wrapper swiper-container\" dir=\"ltr\">\n\t\t\t<div class=\"elementor-image-carousel swiper-wrapper\">\n\t\t\t\t\t\t\t\t<div class=\"swiper-slide\"><figure class=\"swiper-slide-inner\"><img decoding=\"async\" class=\"swiper-slide-image\" src=\"https:\/\/tempusenterprise.es\/wp-content\/uploads\/2021\/07\/PIC_02871-400x350.jpg\" alt=\"PIC_02871\" \/><\/figure><\/div><div class=\"swiper-slide\"><figure class=\"swiper-slide-inner\"><img decoding=\"async\" class=\"swiper-slide-image\" src=\"https:\/\/tempusenterprise.es\/wp-content\/uploads\/2021\/07\/IMG-20200703-WA0009-400x350.jpg\" alt=\"IMG-20200703-WA0009\" \/><\/figure><\/div><div class=\"swiper-slide\"><figure class=\"swiper-slide-inner\"><img decoding=\"async\" class=\"swiper-slide-image\" src=\"https:\/\/tempusenterprise.es\/wp-content\/uploads\/2021\/07\/IMG-20200703-WA0008-400x350.jpg\" alt=\"IMG-20200703-WA0008\" \/><\/figure><\/div><div class=\"swiper-slide\"><figure class=\"swiper-slide-inner\"><img decoding=\"async\" class=\"swiper-slide-image\" src=\"https:\/\/tempusenterprise.es\/wp-content\/uploads\/2021\/07\/629d701e9e5f44d9d4a3a30d3563b8a3-400x350.png\" alt=\"629d701e9e5f44d9d4a3a30d3563b8a3\" \/><\/figure><\/div><div class=\"swiper-slide\"><figure class=\"swiper-slide-inner\"><img decoding=\"async\" class=\"swiper-slide-image\" src=\"https:\/\/tempusenterprise.es\/wp-content\/uploads\/2021\/07\/c162328e3287a08f4b41bad11c917eb3-400x350.png\" alt=\"c162328e3287a08f4b41bad11c917eb3\" \/><\/figure><\/div><div class=\"swiper-slide\"><figure class=\"swiper-slide-inner\"><img decoding=\"async\" class=\"swiper-slide-image\" src=\"https:\/\/tempusenterprise.es\/wp-content\/uploads\/2021\/07\/IMG-20200226-WA0000-400x350.jpg\" alt=\"IMG-20200226-WA0000\" \/><\/figure><\/div><div class=\"swiper-slide\"><figure class=\"swiper-slide-inner\"><img decoding=\"async\" class=\"swiper-slide-image\" src=\"https:\/\/tempusenterprise.es\/wp-content\/uploads\/2021\/07\/IMG-20200226-WA0002-400x350.jpg\" alt=\"IMG-20200226-WA0002\" \/><\/figure><\/div><div class=\"swiper-slide\"><figure class=\"swiper-slide-inner\"><img decoding=\"async\" class=\"swiper-slide-image\" src=\"https:\/\/tempusenterprise.es\/wp-content\/uploads\/2021\/07\/IMG-20200226-WA0004-400x350.jpg\" alt=\"IMG-20200226-WA0004\" \/><\/figure><\/div><div class=\"swiper-slide\"><figure class=\"swiper-slide-inner\"><img decoding=\"async\" class=\"swiper-slide-image\" src=\"https:\/\/tempusenterprise.es\/wp-content\/uploads\/2021\/07\/IMG-20200226-WA0005-400x350.jpg\" alt=\"IMG-20200226-WA0005\" \/><\/figure><\/div><div class=\"swiper-slide\"><figure class=\"swiper-slide-inner\"><img decoding=\"async\" class=\"swiper-slide-image\" src=\"https:\/\/tempusenterprise.es\/wp-content\/uploads\/2021\/07\/IMG-20200226-WA0011-400x350.jpg\" alt=\"IMG-20200226-WA0011\" \/><\/figure><\/div><div class=\"swiper-slide\"><figure class=\"swiper-slide-inner\"><img decoding=\"async\" class=\"swiper-slide-image\" src=\"https:\/\/tempusenterprise.es\/wp-content\/uploads\/2021\/07\/IMG-20200421-WA0005-400x350.jpg\" alt=\"IMG-20200421-WA0005\" \/><\/figure><\/div><div class=\"swiper-slide\"><figure class=\"swiper-slide-inner\"><img decoding=\"async\" class=\"swiper-slide-image\" src=\"https:\/\/tempusenterprise.es\/wp-content\/uploads\/2021\/07\/8ca9bd8baa94deadd2dffed789bd6285-400x350.png\" alt=\"8ca9bd8baa94deadd2dffed789bd6285\" \/><\/figure><\/div>\t\t\t<\/div>\n\t\t\t\t\t\t\t\t\t\t\t\t<div class=\"swiper-pagination\"><\/div>\n\t\t\t\t\t\t\t\t\t\t\t\t\t<div class=\"elementor-swiper-button elementor-swiper-button-prev\" role=\"button\" tabindex=\"0\">\n\t\t\t\t\t\t<i aria-hidden=\"true\" class=\"eicon-chevron-left\"><\/i>\t\t\t\t\t\t<span class=\"elementor-screen-only\">Imagen anterior<\/span>\n\t\t\t\t\t<\/div>\n\t\t\t\t\t<div class=\"elementor-swiper-button elementor-swiper-button-next\" role=\"button\" tabindex=\"0\">\n\t\t\t\t\t\t<i aria-hidden=\"true\" class=\"eicon-chevron-right\"><\/i>\t\t\t\t\t\t<span class=\"elementor-screen-only\">Imagen siguiente<\/span>\n\t\t\t\t\t<\/div>\n\t\t\t\t\t\t\t\t\t<\/div>\n\t\t\t\t<\/div>\n\t\t\t\t<\/div>\n\t\t\t\t\t<\/div>\n\t\t<\/div>\n\t\t\t\t<div class=\"elementor-column elementor-col-50 elementor-inner-column elementor-element elementor-element-e6c11ab\" data-id=\"e6c11ab\" data-element_type=\"column\">\n\t\t\t<div class=\"elementor-widget-wrap elementor-element-populated\">\n\t\t\t\t\t\t\t\t<div class=\"elementor-element elementor-element-6e7999b elementor-widget elementor-widget-text-editor\" data-id=\"6e7999b\" data-element_type=\"widget\" data-widget_type=\"text-editor.default\">\n\t\t\t\t<div class=\"elementor-widget-container\">\n\t\t\t<style>\/*! elementor - v3.13.3 - 28-05-2023 *\/\n.elementor-widget-text-editor.elementor-drop-cap-view-stacked .elementor-drop-cap{background-color:#69727d;color:#fff}.elementor-widget-text-editor.elementor-drop-cap-view-framed .elementor-drop-cap{color:#69727d;border:3px solid;background-color:transparent}.elementor-widget-text-editor:not(.elementor-drop-cap-view-default) .elementor-drop-cap{margin-top:8px}.elementor-widget-text-editor:not(.elementor-drop-cap-view-default) .elementor-drop-cap-letter{width:1em;height:1em}.elementor-widget-text-editor .elementor-drop-cap{float:left;text-align:center;line-height:1;font-size:50px}.elementor-widget-text-editor .elementor-drop-cap-letter{display:inline-block}<\/style>\t\t\t\t<blockquote><p>En Tempus Enterprise SL fabricamos piezas de cualquier dimensi\u00f3n y de gran precisi\u00f3n, en todo tipo de materiales<\/p><\/blockquote><p>Somos una peque\u00f1a empresa fundada en el a\u00f1o 2018 por Juan Moragas Franc\u00e9s, su esposa Magdalena Ferrera Mart\u00ednez e hijos, los cuales, fundadores de la empresa, han vivido en Suiza 30 a\u00f1os, se han formado y trabajado en varias empresas del gran grupo multinacional industrial \u00bb SWATCH GROUP \u00ab.\u00a0<\/p><p>Gracias a la experiencia adquirida durante estos a\u00f1os han podido establecer Tempus Enteprise, en la provincia de C\u00f3rdoba.<\/p>\t\t\t\t\t\t<\/div>\n\t\t\t\t<\/div>\n\t\t\t\t\t<\/div>\n\t\t<\/div>\n\t\t\t\t\t\t\t<\/div>\n\t\t<\/section>\n\t\t\t\t\t<\/div>\n\t\t<\/div>\n\t\t\t\t\t\t\t<\/div>\n\t\t<\/section>\n\t\t\t\t<section class=\"elementor-section elementor-top-section elementor-element elementor-element-6b4037c elementor-section-stretched elementor-section-boxed elementor-section-height-default elementor-section-height-default\" data-id=\"6b4037c\" data-element_type=\"section\" data-settings=\"{&quot;stretch_section&quot;:&quot;section-stretched&quot;}\">\n\t\t\t\t\t\t<div class=\"elementor-container elementor-column-gap-default\">\n\t\t\t\t\t<div class=\"elementor-column elementor-col-100 elementor-top-column elementor-element elementor-element-264daa4\" data-id=\"264daa4\" data-element_type=\"column\">\n\t\t\t<div class=\"elementor-widget-wrap elementor-element-populated\">\n\t\t\t\t\t\t\t\t<div class=\"elementor-element elementor-element-b7b65df elementor-widget elementor-widget-text-editor\" data-id=\"b7b65df\" data-element_type=\"widget\" data-widget_type=\"text-editor.default\">\n\t\t\t\t<div class=\"elementor-widget-container\">\n\t\t\t\t\t\t\t<h4>\u00bfDe qu\u00e9 tipo de maquinaria dispone la empresa?<\/h4><p>Disponemos de lo siguiente:<\/p><ul><li class=\"text-align-left\">\u2013 1 Centro de mecanizado ALMAC de 3 ejes\u00a0 20 herramientas\u00a0 \u00a0 X 220 mm\u00a0 Y 120 mm\u00a0 Z 230 mm\u00a0 precisi\u00f3n en los 3 ejes\u00a0 \u00a00.001 mm<\/li><li class=\"text-align-left\">\u2013 1 Centro de mecanizado ALMAC de 3 ejes\u00a0 48 herramientas\u00a0 \u00a0 X 220 mm\u00a0 Y 120 mm\u00a0 Z 230 mm\u00a0 precisi\u00f3n en los 3 ejes\u00a0 \u00a0 0.001 mm<br \/>\u2013 1 Centro de mecanizado FEHLMANN 3 ejes\u00a0 X 500 mm Y 250 mm\u00a0 Z\u00a0 150mm W 400mm precisi\u00f3n en los 3 ejes\u00a0 \u00a00.005 mm<\/li><li class=\"text-align-left\">\u2013 1 Fresadora convencional ACIERA F\u00b73<\/li><li class=\"text-align-left\">\u2013 Torno CNC CITIZEN L20 con 25 herramientas de las cuales 15 motorizadas<\/li><li class=\"text-align-left\">\u2013 1 Torno autom\u00e1tico COLCHESTER entre puntas 800mm<\/li><li class=\"text-align-left\">\u2013 1 Torno manual SCHAUBLIN SV102<\/li><li class=\"text-align-left\">\u2013 1 Z 150mm<\/li><li class=\"text-align-left\">\u2013 1 Arenadora<\/li><li class=\"text-align-left\">\u2013 1 Taladro vertical\u00a0<\/li><li class=\"text-align-left\">\u2013 1 Afiladora para herramientas de metal duro.<\/li><li class=\"text-align-left\">\u2013 Instalaci\u00f3n lavado ULTRASONIDOS<\/li><li class=\"text-align-left\">\u2013 Maquina TESA 200\u00a0 para control por vision 3D<\/li><li class=\"text-align-left\">\u2013 Laboratorio de control calidad<\/li><\/ul>\t\t\t\t\t\t<\/div>\n\t\t\t\t<\/div>\n\t\t\t\t\t<\/div>\n\t\t<\/div>\n\t\t\t\t\t\t\t<\/div>\n\t\t<\/section>\n\t\t\t\t<section class=\"elementor-section elementor-top-section elementor-element elementor-element-379f6fe elementor-section-stretched elementor-section-boxed elementor-section-height-default elementor-section-height-default\" data-id=\"379f6fe\" data-element_type=\"section\" data-settings=\"{&quot;stretch_section&quot;:&quot;section-stretched&quot;}\">\n\t\t\t\t\t\t<div class=\"elementor-container elementor-column-gap-default\">\n\t\t\t\t\t<div class=\"elementor-column elementor-col-50 elementor-top-column elementor-element elementor-element-51c93d2\" data-id=\"51c93d2\" data-element_type=\"column\">\n\t\t\t<div class=\"elementor-widget-wrap elementor-element-populated\">\n\t\t\t\t\t\t\t\t<div class=\"elementor-element elementor-element-c0f6bf5 elementor-widget elementor-widget-text-editor\" data-id=\"c0f6bf5\" data-element_type=\"widget\" data-widget_type=\"text-editor.default\">\n\t\t\t\t<div class=\"elementor-widget-container\">\n\t\t\t\t\t\t\t<h4>\u00bfD\u00f3nde estamos ubicados?<\/h4><p>Estamos ubicados en el pol\u00edgono industrial de Aldea Quintana, en la provincia de C\u00f3rdoba.<\/p><p>Direcci\u00f3n:\u00a0<span data-inject=\"semantic-AddressLabel\">Cal<\/span><span data-inject=\"semantic-FullAddress\">le de la Metalurgia 17, 14191 Aldea Quintana (C\u00f3rdoba), Spain<\/span><\/p><p>\u00a0<\/p><p>Si lo deseas puedes contactar con nosotros haciendo clic <a href=\"https:\/\/tempusenterprise.es\/#contactanos\" data-wplink-url-error=\"true\">AQU\u00cd<\/a> o en la secci\u00f3n del men\u00fa \u00abCONT\u00c1CTANOS\u00bb<\/p>\t\t\t\t\t\t<\/div>\n\t\t\t\t<\/div>\n\t\t\t\t\t<\/div>\n\t\t<\/div>\n\t\t\t\t<div class=\"elementor-column elementor-col-50 elementor-top-column elementor-element elementor-element-1a8e22f\" data-id=\"1a8e22f\" data-element_type=\"column\">\n\t\t\t<div class=\"elementor-widget-wrap elementor-element-populated\">\n\t\t\t\t\t\t\t\t<div class=\"elementor-element elementor-element-726d487 elementor-widget elementor-widget-google_maps\" data-id=\"726d487\" data-element_type=\"widget\" data-widget_type=\"google_maps.default\">\n\t\t\t\t<div class=\"elementor-widget-container\">\n\t\t\t<style>\/*! elementor - v3.13.3 - 28-05-2023 *\/\n.elementor-widget-google_maps .elementor-widget-container{overflow:hidden}.elementor-widget-google_maps .elementor-custom-embed{line-height:0}.elementor-widget-google_maps iframe{height:300px}<\/style>\t\t<div class=\"elementor-custom-embed\">\n\t\t\t<iframe loading=\"lazy\"\n\t\t\t\t\tsrc=\"https:\/\/maps.google.com\/maps?q=14191%20aldea%20quintana%20calle%20metalurgia%2017&#038;t=m&#038;z=16&#038;output=embed&#038;iwloc=near\"\n\t\t\t\t\ttitle=\"14191 aldea quintana calle metalurgia 17\"\n\t\t\t\t\taria-label=\"14191 aldea quintana calle metalurgia 17\"\n\t\t\t><\/iframe>\n\t\t<\/div>\n\t\t\t\t<\/div>\n\t\t\t\t<\/div>\n\t\t\t\t\t<\/div>\n\t\t<\/div>\n\t\t\t\t\t\t\t<\/div>\n\t\t<\/section>\n\t\t\t\t\t\t\t<\/div>\n\t\t","protected":false},"excerpt":{"rendered":"<p>Somos una empresa fundada en el a\u00f1o 2018 por Juan Moragas Franc\u00e9s, su esposa Magdalena Ferrera Mart\u00ednez e hijos.<\/p>\n<p>Los fundadores han vivido en Suiza 30 a\u00f1os, se han formado y trabajado en varias empresas del gran grupo multinacional industrial \u00bb SWATCH GROUP \u00bb<\/p>\n<p>Disponemos de centros de mecanizado CNC de fabricaci\u00f3n suiza y alemana.<\/p>\n<p>La empresa est\u00e1 ubicada en la provincia de C\u00f3rdoba, m\u00e1s concretamente, en una localidad llamada Aldea Quintana.<\/p>\n<p><iframe loading=\"lazy\" width=\"560\" height=\"315\" src=\"https:\/\/www.youtube.com\/embed\/YTDcEDWmT3I\" title=\"YouTube video player\" frameborder=\"0\" allow=\"accelerometer; autoplay; clipboard-write; encrypted-media; gyroscope; picture-in-picture\" allowfullscreen><\/iframe><\/p>\n<p>Si deseas m\u00e1s informaci\u00f3n, haz clic en el siguiente bot\u00f3n:<\/p>\n","protected":false},"author":1,"featured_media":353,"parent":0,"menu_order":0,"comment_status":"closed","ping_status":"closed","template":"","meta":{"footnotes":""},"class_list":["post-445","page","type-page","status-publish","has-post-thumbnail","hentry"],"_links":{"self":[{"href":"https:\/\/tempusenterprise.es\/index.php?rest_route=\/wp\/v2\/pages\/445","targetHints":{"allow":["GET"]}}],"collection":[{"href":"https:\/\/tempusenterprise.es\/index.php?rest_route=\/wp\/v2\/pages"}],"about":[{"href":"https:\/\/tempusenterprise.es\/index.php?rest_route=\/wp\/v2\/types\/page"}],"author":[{"embeddable":true,"href":"https:\/\/tempusenterprise.es\/index.php?rest_route=\/wp\/v2\/users\/1"}],"replies":[{"embeddable":true,"href":"https:\/\/tempusenterprise.es\/index.php?rest_route=%2Fwp%2Fv2%2Fcomments&post=445"}],"version-history":[{"count":28,"href":"https:\/\/tempusenterprise.es\/index.php?rest_route=\/wp\/v2\/pages\/445\/revisions"}],"predecessor-version":[{"id":531,"href":"https:\/\/tempusenterprise.es\/index.php?rest_route=\/wp\/v2\/pages\/445\/revisions\/531"}],"wp:featuredmedia":[{"embeddable":true,"href":"https:\/\/tempusenterprise.es\/index.php?rest_route=\/wp\/v2\/media\/353"}],"wp:attachment":[{"href":"https:\/\/tempusenterprise.es\/index.php?rest_route=%2Fwp%2Fv2%2Fmedia&parent=445"}],"curies":[{"name":"wp","href":"https:\/\/api.w.org\/{rel}","templated":true}]}}