{"id":284,"date":"2015-07-20T08:59:11","date_gmt":"2015-07-20T08:59:11","guid":{"rendered":"http:\/\/demo.themegrill.com\/himalayas\/?page_id=4"},"modified":"2023-06-21T07:46:52","modified_gmt":"2023-06-21T07:46:52","slug":"best-clean-parallax-theme","status":"publish","type":"page","link":"https:\/\/tempusenterprise.es\/?page_id=284","title":{"rendered":"Tempus Enterprise"},"content":{"rendered":"<p>Expertos en mec\u00e1nica de precisi\u00f3n y micromec\u00e1nica, trabajamos todo tipo de piezas de peque\u00f1a dimensi\u00f3n y con gran precisi\u00f3n<\/p>\n","protected":false},"excerpt":{"rendered":"<p>Expertos en mec\u00e1nica de precisi\u00f3n y micromec\u00e1nica, trabajamos todo tipo de piezas de peque\u00f1a dimensi\u00f3n y con gran precisi\u00f3n<\/p>\n","protected":false},"author":1,"featured_media":326,"parent":0,"menu_order":0,"comment_status":"open","ping_status":"open","template":"","meta":{"footnotes":""},"class_list":["post-284","page","type-page","status-publish","has-post-thumbnail","hentry"],"_links":{"self":[{"href":"https:\/\/tempusenterprise.es\/index.php?rest_route=\/wp\/v2\/pages\/284","targetHints":{"allow":["GET"]}}],"collection":[{"href":"https:\/\/tempusenterprise.es\/index.php?rest_route=\/wp\/v2\/pages"}],"about":[{"href":"https:\/\/tempusenterprise.es\/index.php?rest_route=\/wp\/v2\/types\/page"}],"author":[{"embeddable":true,"href":"https:\/\/tempusenterprise.es\/index.php?rest_route=\/wp\/v2\/users\/1"}],"replies":[{"embeddable":true,"href":"https:\/\/tempusenterprise.es\/index.php?rest_route=%2Fwp%2Fv2%2Fcomments&post=284"}],"version-history":[{"count":2,"href":"https:\/\/tempusenterprise.es\/index.php?rest_route=\/wp\/v2\/pages\/284\/revisions"}],"predecessor-version":[{"id":334,"href":"https:\/\/tempusenterprise.es\/index.php?rest_route=\/wp\/v2\/pages\/284\/revisions\/334"}],"wp:featuredmedia":[{"embeddable":true,"href":"https:\/\/tempusenterprise.es\/index.php?rest_route=\/wp\/v2\/media\/326"}],"wp:attachment":[{"href":"https:\/\/tempusenterprise.es\/index.php?rest_route=%2Fwp%2Fv2%2Fmedia&parent=284"}],"curies":[{"name":"wp","href":"https:\/\/api.w.org\/{rel}","templated":true}]}}